{"id":769,"date":"2021-03-05T16:00:41","date_gmt":"2021-03-05T16:00:41","guid":{"rendered":"https:\/\/www.local75.ca\/?page_id=769"},"modified":"2024-05-28T20:39:42","modified_gmt":"2024-05-28T20:39:42","slug":"about-3","status":"publish","type":"page","link":"https:\/\/www.local75.ca\/fr\/","title":{"rendered":"Home Page"},"content":{"rendered":"<p><a id=\"JumpTo_Top\"><\/a><\/p>\n<p style=\"text-align: center;\">LOCAL75 est un petit bistro situ\u00e9 au coeur du Village Monkland.<\/p>\n<p>Notre menu change souvent pour combler aux go\u00fbts diverses de notre client\u00e8le. Tout notre menu, du d\u00e9but jusqu\u2019\u00e0 l\u2019assi\u00e8tte, et fait avec soin sur place. La qualit\u00e9 est notre priorit\u00e9.<\/p>\n<div dir=\"auto\">Nous esp\u00e9rons vous voir bient\u00f4t.<\/div>\n<div dir=\"auto\">Bon App\u00e9tit!<\/div>\n<p>&nbsp;<\/p>\n<p><a class=\"wp-call-button-in-btn\" style=\"display: inline-block; box-sizing: border-box; border-radius: 5px; color: white !important; width: auto; text-align: center !important; font-size: 24px !important; font-weight: bold !important; padding: 15px 20px !important; text-decoration: none !important; background: #3aa3e0 !important;\" href=\"tel:+15144847575\">T\u00e9l\u00e9phone<\/a><\/p>\n<p>Nos tables sont toujours disponibles sans r\u00e9servations.<\/p>\n<p><img loading=\"lazy\" decoding=\"async\" class=\"alignnone wp-image-91\" src=\"http:\/\/www.local75.ca\/wp-content\/uploads\/2018\/11\/p1.jpg\" alt=\"\" width=\"555\" height=\"370\" srcset=\"https:\/\/www.local75.ca\/wp-content\/uploads\/2018\/11\/p1.jpg 600w, https:\/\/www.local75.ca\/wp-content\/uploads\/2018\/11\/p1-300x200.jpg 300w\" sizes=\"auto, (max-width: 555px) 100vw, 555px\" \/><\/p>\n<h4>Heures d\u2019ouverture<\/h4>\n<table>\n<tbody>\n<tr>\n<td>Lundi<\/td>\n<td>\u00a011am &#8211;\u00a0 10:00pm<\/td>\n<\/tr>\n<tr>\n<td>Mardi<\/td>\n<td>\u00a011am &#8211;\u00a0 10:00pm<\/td>\n<\/tr>\n<tr>\n<td>Mercredi<\/td>\n<td>\u00a011am &#8211;\u00a0 10:00pm<\/td>\n<\/tr>\n<tr>\n<td>Jeudi<\/td>\n<td>\u00a011h \u2013 23:00h<\/td>\n<\/tr>\n<tr>\n<td>Vendredi<\/td>\n<td>\u00a011h \u2013 23:00h<\/td>\n<\/tr>\n<tr>\n<td>Samedi<\/td>\n<td>\u00a05pm &#8211;\u00a0 11:00pm<\/td>\n<\/tr>\n<tr>\n<td>Dimanche<\/td>\n<td>\u00a05pm &#8211;\u00a0 10:00pm<\/td>\n<\/tr>\n<\/tbody>\n<\/table>\n<h3><\/h3>\n<table class=\"tblHours\">\n<tbody>\n<tr>\n<td>Enfants sont bienvenus<\/td>\n<td>Options v\u00e9g\u00e9tariennes<\/td>\n<td>Accessible aux fauteuils roulants<\/td>\n<\/tr>\n<\/tbody>\n<\/table>","protected":false},"excerpt":{"rendered":"<p>Local75 is a small bistro in the heart of the Monkland Village. We take pride in our food! All food items, from sauces &amp; vinaigrettes to our angus burgers &amp; smoked meat are meticulously prepared in-house from scratch. Enjoy our dishes with an array of craft cocktails found nowhere else in the city. We hope &hellip; <\/p>\n<p class=\"link-more\"><a href=\"https:\/\/www.local75.ca\/fr\/\" class=\"more-link\">Continuer la lecture<span class=\"screen-reader-text\"> de &laquo; Home Page &raquo;<\/span><\/a><\/p>","protected":false},"author":3,"featured_media":0,"parent":0,"menu_order":0,"comment_status":"closed","ping_status":"closed","template":"","meta":{"footnotes":""},"class_list":["post-769","page","type-page","status-publish","hentry"],"_links":{"self":[{"href":"https:\/\/www.local75.ca\/fr\/wp-json\/wp\/v2\/pages\/769","targetHints":{"allow":["GET"]}}],"collection":[{"href":"https:\/\/www.local75.ca\/fr\/wp-json\/wp\/v2\/pages"}],"about":[{"href":"https:\/\/www.local75.ca\/fr\/wp-json\/wp\/v2\/types\/page"}],"author":[{"embeddable":true,"href":"https:\/\/www.local75.ca\/fr\/wp-json\/wp\/v2\/users\/3"}],"replies":[{"embeddable":true,"href":"https:\/\/www.local75.ca\/fr\/wp-json\/wp\/v2\/comments?post=769"}],"version-history":[{"count":55,"href":"https:\/\/www.local75.ca\/fr\/wp-json\/wp\/v2\/pages\/769\/revisions"}],"predecessor-version":[{"id":966,"href":"https:\/\/www.local75.ca\/fr\/wp-json\/wp\/v2\/pages\/769\/revisions\/966"}],"wp:attachment":[{"href":"https:\/\/www.local75.ca\/fr\/wp-json\/wp\/v2\/media?parent=769"}],"curies":[{"name":"wp","href":"https:\/\/api.w.org\/{rel}","templated":true}]}}